

		{"id":33569,"date":"2024-06-07T11:57:34","date_gmt":"2024-06-07T16:57:34","guid":{"rendered":"https:\/\/www.steamfast.com\/rappel-de-cuiseurs-a-vapeur-portatifs-pour-vetements"},"modified":"2026-02-19T12:24:42","modified_gmt":"2026-02-19T17:24:42","slug":"rappel-de-cuiseurs-a-vapeur-portatifs-pour-vetements","status":"publish","type":"page","link":"https:\/\/recalls.steamfast.com\/fr\/rappel-de-cuiseurs-a-vapeur-portatifs-pour-vetements","title":{"rendered":"Rappel de cuiseurs \u00e0 vapeur portatifs pour v\u00eatements"},"content":{"rendered":"<div class=\"wpb-content-wrapper\"><p>[vc_row css=\u00a0\u00bb.vc_custom_1679930505858{background-color: #f4f3f4 !important;}\u00a0\u00bb][vc_column offset=\u00a0\u00bbvc_col-lg-offset-1 vc_col-lg-10 vc_col-md-offset-1 vc_col-md-10 vc_col-xs-12&Prime; css=\u00a0\u00bb.vc_custom_1715604920711{padding-top: 10px !important;padding-bottom: 10px !important;}\u00a0\u00bb]<div class=\"templatera_shortcode\"><div id=\"recallMenu\" class=\"vc_row wpb_row vc_row-fluid mpc-row\"><div class=\"wpb_column vc_column_container vc_col-sm-10 vc_col-md-offset-1 vc_col-md-10 vc_col-xs-offset-1 mpc-column\" data-column-id=\"mpc_column-769da14d0dd458\"><div class=\"vc_column-inner\"><div class=\"wpb_wrapper\">\n\t<div class=\"wpb_text_column wpb_content_element\">\n\t\t<div class=\"wpb_wrapper\">\n\t\t\t<p>\n<\/p><div role=\"navigation\" aria-label=\"S&eacute;lecteur de langue\" class=\"wpml-ls-statics-shortcode_actions wpml-ls wpml-ls-legacy-dropdown js-wpml-ls-legacy-dropdown\">\n\t<ul>\n\t\t<li class=\"wpml-ls-slot-shortcode_actions wpml-ls-item wpml-ls-item-fr wpml-ls-current-language wpml-ls-last-item wpml-ls-item-legacy-dropdown\">\n\t\t\t<a href=\"#\" hreflang=\"\" lang=\"\" class=\"js-wpml-ls-item-toggle wpml-ls-item-toggle\" aria-current=\"page\" aria-expanded=\"false\" aria-controls=\"wpml-ls-submenu-default\" aria-label=\"S&eacute;lecteur de langue, appuyez sur tabulation pour naviguer vers d'autres langues\" title=\"Passer &agrave; Fran&ccedil;ais (Fran&ccedil;ais)\">\n\t\t\t\t                                    <img decoding=\"async\" class=\"wpml-ls-flag\" src=\"https:\/\/recalls.steamfast.com\/wp-content\/plugins\/sitepress-multilingual-cms\/res\/flags\/fr.svg\" alt=\"\" loading=\"lazy\" width=\"18\" height=\"12\"><span class=\"wpml-ls-native\">Fran&ccedil;ais<\/span><\/a>\n\n\t\t\t<ul id=\"wpml-ls-submenu-default\" class=\"wpml-ls-sub-menu\">\n\t\t\t\t\n\t\t\t\t\t<li class=\"wpml-ls-slot-shortcode_actions wpml-ls-item wpml-ls-item-en wpml-ls-first-item\">\n\t\t\t\t\t\t<a href=\"https:\/\/recalls.steamfast.com\/\" hreflang=\"en\" lang=\"en\" class=\"wpml-ls-link\" aria-label=\"Passer &agrave; Anglais (English)\" title=\"Passer &agrave; Anglais (English)\">\n\t\t\t\t\t\t\t                                    <img decoding=\"async\" class=\"wpml-ls-flag\" src=\"https:\/\/recalls.steamfast.com\/wp-content\/uploads\/flags\/usa-flag.png\" alt=\"\" loading=\"lazy\" width=\"18\" height=\"12\"><span class=\"wpml-ls-native\">English<\/span><span class=\"wpml-ls-display\"><span class=\"wpml-ls-bracket\">(<\/span>Anglais<span class=\"wpml-ls-bracket\">)<\/span><\/span><\/a>\n\t\t\t\t\t<\/li>\n\n\t\t\t\t\t\t\t<\/ul>\n\n\t\t<\/li>\n\n\t<\/ul>\n<\/div>\n<div class=\"vc_wp_custommenu wpb_content_element menu-steam-iron-recall-container recallMenu\"><div class=\"widget widget_nav_menu\"><div class=\"menu-hhgs-recall-container\"><ul id=\"menu-hhgs-recall\" class=\"menu\"><li id=\"menu-item-33440\" class=\"menu-item menu-item-type-post_type menu-item-object-page menu-item-33440\"><a href=\"https:\/\/recalls.steamfast.com\/recalls\/hhgs\">Rappel de cuiseurs &agrave; vapeur portatifs pour v&ecirc;tements<\/a><\/li>\n<li id=\"menu-item-33439\" class=\"menu-item menu-item-type-post_type menu-item-object-page menu-item-33439\"><a href=\"https:\/\/recalls.steamfast.com\/recalls\/hhgs\/faqs\">FAQ<\/a><\/li>\n<li id=\"menu-item-33441\" class=\"menu-item menu-item-type-custom menu-item-object-custom menu-item-has-children menu-item-33441\"><a href=\"#\">Press Releases<\/a>\n<ul class=\"sub-menu\">\n\t<li id=\"menu-item-33442\" class=\"menu-item menu-item-type-custom menu-item-object-custom menu-item-33442\"><a href=\"https:\/\/www.cpsc.gov\/Recalls\/2024\/Vornado-Recalls-Two-Million-Handheld-Garment-Steamers-Due-to-Serious-Burn-Hazard\">CSPC<\/a><\/li>\n\t<li id=\"menu-item-33443\" class=\"menu-item menu-item-type-custom menu-item-object-custom menu-item-33443\"><a href=\"https:\/\/recalls-rappels.canada.ca\/en\/alert-recall\/steamfast-sharper-image-and-vornado-brand-handheld-garment-steamers-recalled-due\">Health Canada<\/a><\/li>\n<\/ul>\n<\/li>\n<\/ul><\/div><\/div><\/div>\n\n\t\t<\/div>\n\t<\/div>\n<\/div><\/div><\/div><\/div><\/div>[\/vc_column][\/vc_row][vc_row css=\u00a0\u00bb.vc_custom_1680087723356{background-color: #d11820 !important;}\u00a0\u00bb][vc_column offset=\u00a0\u00bbvc_col-md-offset-1 vc_col-md-10 vc_col-sm-offset-0 vc_col-xs-12&Prime;][vc_row_inner content_placement=\u00a0\u00bbmiddle\u00a0\u00bb type=\u00a0\u00bbfull_width\u00a0\u00bb font_color=\u00a0\u00bb#ffffff\u00a0\u00bb css=\u00a0\u00bb.vc_custom_1709836530988{margin-top: 0px !important;margin-bottom: 0px !important;padding-top: 0px !important;padding-bottom: 0px !important;background-color: #d11820 !important;}\u00a0\u00bb][vc_column_inner el_class=\u00a0\u00bbhhgsTitle\u00a0\u00bb width=\u00a0\u00bb5\/6&Prime; css=\u00a0\u00bb.vc_custom_1720649866568{margin-top: 0px !important;margin-bottom: 0px !important;padding-top: 0px !important;padding-bottom: 0px !important;}\u00a0\u00bb offset=\u00a0\u00bbvc_col-md-offset-1 vc_col-md-10 vc_col-sm-offset-1 vc_col-xs-12&Prime;]<div class=\"aio-icon-component   recall_title_w_icon2 style_1\"><div id=\"Info-box-wrap-2027\" class=\"aio-icon-box default-icon\" style=\"\"  ><div class=\"aio-icon-default\"><div class=\"ult-just-icon-wrapper  \"><div class=\"align-icon\" style=\"text-align:center;\">\n<div class=\"aio-icon none \"  style=\"color:#ffffff;font-size:16px;display:inline-block;\">\n\t<i class=\"Defaults-exclamation-triangle warning\"><\/i>\n<\/div><\/div><\/div><\/div><div class=\"aio-icon-header\" ><h3 class=\"aio-icon-title ult-responsive\"  data-ultimate-target='#Info-box-wrap-2027 .aio-icon-title'  data-responsive-json-new='{\"font-size\":\"\",\"line-height\":\"\"}'  style=\"\">Rappel de s\u00e9curit\u00e9 - D\u00e9froisseurs portatifs pour v\u00eatements<\/h3><\/div> <!-- header --><\/div> <!-- aio-icon-box --><\/div> <!-- aio-icon-component -->[\/vc_column_inner][\/vc_row_inner][\/vc_column][\/vc_row][vc_row css=\u00a0\u00bb.vc_custom_1715851254144{background-color: #ffffff !important;}\u00a0\u00bb][vc_column width=\u00a0\u00bb5\/6&Prime; offset=\u00a0\u00bbvc_col-sm-offset-1 vc_col-xs-12&Prime;][vc_empty_space][vc_row_inner][vc_column_inner width=\u00a0\u00bb5\/6&Prime; css=\u00a0\u00bb.vc_custom_1679937600020{padding-right: 5% !important;padding-left: 5% !important;}\u00a0\u00bb offset=\u00a0\u00bbvc_col-sm-offset-1 vc_col-xs-12&Prime;][vc_column_text css=\u00a0\u00bb\u00a0\u00bb]<strong style=\"color: #d11820;\">Comme toujours, la s\u00e9curit\u00e9 de nos clients est notre priorit\u00e9 absolue.<\/strong><br \/>\nEn coop\u00e9ration avec la Commission am\u00e9ricaine de s\u00e9curit\u00e9 des produits de consommation (\u00ab\u00a0CPSC\u00a0\u00bb) et Sant\u00e9 Canada, Vornado rappelle volontairement les d\u00e9froisseurs \u00e0 v\u00eatements portatifs pr\u00e9sent\u00e9s ci-dessous car les d\u00e9froisseurs peuvent expulser de l&rsquo;eau chaude de la buse \u00e0 vapeur pendant le chauffage ou l&rsquo;utilisation, ce qui pr\u00e9sente un risque de br\u00fblure grave pour les consommateurs.<\/p>\n<p><strong>Les mod\u00e8les suivants sont rappel\u00e9s :<\/strong><br \/>\nSteamfast Mod\u00e8le SF-425 (4 oz), SF-440 (6.1 oz), SF-435 (7 oz, plusieurs couleurs), SF-445 (11.4 oz), et SF-447 (11.4 oz)<\/p>\n<p>Sharper Image Mod\u00e8le SI-428 (4oz) et Vornado Mod\u00e8le VS-410 (5.6oz)<\/p>\n<p>Si vous poss\u00e9dez un appareil rappel\u00e9, <strong>nous vous demandons de cesser imm\u00e9diatement de l&rsquo;utiliser<\/strong> et de suivre les \u00e9tapes d\u00e9crites ci-dessous pour participer au rappel en vue d&rsquo;un remboursement ou d&rsquo;un remplacement en fonction du mod\u00e8le.[\/vc_column_text][vc_column_text][\/vc_column_text][\/vc_column_inner][\/vc_row_inner][vc_row_inner css=\u00a0\u00bb.vc_custom_1715851168910{background-color: #ffffff !important;}\u00a0\u00bb][vc_column_inner width=\u00a0\u00bb5\/6&Prime; css=\u00a0\u00bb.vc_custom_1709837900891{padding-right: 5% !important;padding-left: 5% !important;}\u00a0\u00bb offset=\u00a0\u00bbvc_col-sm-offset-1 vc_col-xs-12&Prime;][vc_single_image image=\u00a0\u00bb33423&Prime; img_size=\u00a0\u00bbfull\u00a0\u00bb alignment=\u00a0\u00bbcenter\u00a0\u00bb css=\u00a0\u00bb.vc_custom_1719492756938{margin-right: 5px !important;margin-left: 5px !important;}\u00a0\u00bb el_class=\u00a0\u00bbbrandImages\u00a0\u00bb][\/vc_column_inner][\/vc_row_inner][vc_row_inner][vc_column_inner width=\u00a0\u00bb5\/6&Prime; css=\u00a0\u00bb.vc_custom_1709837900891{padding-right: 5% !important;padding-left: 5% !important;}\u00a0\u00bb offset=\u00a0\u00bbvc_col-sm-offset-1 vc_col-xs-12&Prime;][vc_column_text css=\u00a0\u00bb\u00a0\u00bb]<strong style=\"color: #d11820;\">Pour savoir si votre d\u00e9froisseur \u00e0 vapeur pour v\u00eatements fait l&rsquo;objet d&rsquo;un rappel, veuillez consulter notre syst\u00e8me d&rsquo;enregistrement des rappels en ligne ci-dessous. <\/strong><\/p>\n<p><strong style=\"color: #d11820;\">Pour participer au rappel et recevoir un <a href=\"https:\/\/recalls.steamfast.com\/fr\/rappel-de-cuiseurs-a-vapeur-portatifs-pour-vetements\/faq#1719504450006-fffd5711-5b54\">remboursement ou un remplacement gratuit, selon le mod\u00e8le,<\/a> vous devez vous enregistrer en ligne. Ne retournez pas votre produit au magasin o\u00f9 vous l&rsquo;avez achet\u00e9.<\/strong>[\/vc_column_text][\/vc_column_inner][\/vc_row_inner][vc_row_inner equal_height=\u00a0\u00bbyes\u00a0\u00bb content_placement=\u00a0\u00bbmiddle\u00a0\u00bb disable_element=\u00a0\u00bbyes\u00a0\u00bb][vc_column_inner css=\u00a0\u00bb.vc_custom_1717612277454{padding-right: 5% !important;padding-left: 5% !important;background-color: #ffffff !important;}\u00a0\u00bb offset=\u00a0\u00bbvc_col-sm-offset-0 vc_col-xs-6&Prime;]<div class=\"templatera_shortcode\"><div class=\"vc_row wpb_row vc_row-fluid mpc-row\"><div class=\"wpb_column vc_column_container vc_col-sm-6 vc_col-md-offset-2 vc_col-md-2 vc_col-sm-offset-0 vc_col-xs-6 mpc-column\" data-column-id=\"mpc_column-3169da14d0de168\"><div class=\"vc_column-inner\"><div class=\"wpb_wrapper\"><div class=\"ult_pricing_table_wrap ult_info_table ult_design_1  ult-cs-custom refundAmounts refundAmountsLine2 refundTitleOneLine\">\n\t\t\t\t\t<div class=\"ult_pricing_table info_min_ht\" style=\"background:#ffffff;color:#000000; min-height:190px;\"><div class=\"ult_pricing_heading\" id=\"Info-table-wrap-7828\">\n\t\t\t\t\t\t\t<h5 class=\"ult-responsive\" data-ultimate-target=\"#Info-table-wrap-7828 h5\" data-responsive-json-new=\"{&quot;font-size&quot;:&quot;&quot;,&quot;line-height&quot;:&quot;&quot;}\" style=\"font-weight:bold;\">SF-717<\/h5><\/div><!--ult_pricing_heading--><div class=\"ult_price_body_block\">\n\t\t\t\t\t\t\t<div class=\"ult_price_body\">\n\t\t\t\t\t\t\t\t<div class=\"ult_price\">\n\t\t\t\t\t\t\t\t\n\t\t\t\t\t\t\t\t<\/div>\n\t\t\t\t\t\t\t<\/div>\n\t\t\t\t\t\t<\/div><!--ult_price_body_block--><div id=\"info_table_features_wrap-6541\" data-ultimate-target=\"#info_table_features_wrap-6541.ult_price_features\" data-responsive-json-new=\"{&quot;font-size&quot;:&quot;&quot;,&quot;line-height&quot;:&quot;&quot;}\" class=\"ult-responsive ult_price_features\" style=\"font-weight:normal;\">\n\t\t\t\t\t\t\t<hr>\n<p style=\"text-align: center;\">$19.99<\/p>\n\n\t\t\t\t\t\t<\/div><!--ult_price_features--><div class=\"ult_clr\"><\/div>\n\t\t\t<\/div><!--pricing_table-->\n\t\t<\/div><!--pricing_table_wrap--><\/div><\/div><\/div><div class=\"wpb_column vc_column_container vc_col-sm-6 vc_col-md-offset-0 vc_col-md-2 vc_col-sm-offset-0 vc_col-xs-6 mpc-column\" data-column-id=\"mpc_column-6569da14d0de383\"><div class=\"vc_column-inner\"><div class=\"wpb_wrapper\"><div class=\"ult_pricing_table_wrap ult_info_table ult_design_1  ult-cs-custom refundAmounts refundAmountsLine2 refundTitleOneLine\">\n\t\t\t\t\t<div class=\"ult_pricing_table info_min_ht\" style=\"background:#ffffff;color:#000000; min-height:190px;\"><div class=\"ult_pricing_heading\" id=\"Info-table-wrap-1869\">\n\t\t\t\t\t\t\t<h5 class=\"ult-responsive\" data-ultimate-target=\"#Info-table-wrap-1869 h5\" data-responsive-json-new=\"{&quot;font-size&quot;:&quot;&quot;,&quot;line-height&quot;:&quot;&quot;}\" style=\"font-weight:bold;\">SF-720<\/h5><\/div><!--ult_pricing_heading--><div class=\"ult_price_body_block\">\n\t\t\t\t\t\t\t<div class=\"ult_price_body\">\n\t\t\t\t\t\t\t\t<div class=\"ult_price\">\n\t\t\t\t\t\t\t\t\n\t\t\t\t\t\t\t\t<\/div>\n\t\t\t\t\t\t\t<\/div>\n\t\t\t\t\t\t<\/div><!--ult_price_body_block--><div id=\"info_table_features_wrap-7029\" data-ultimate-target=\"#info_table_features_wrap-7029.ult_price_features\" data-responsive-json-new=\"{&quot;font-size&quot;:&quot;&quot;,&quot;line-height&quot;:&quot;&quot;}\" class=\"ult-responsive ult_price_features\" style=\"font-weight:normal;\">\n\t\t\t\t\t\t\t<hr>\n<p style=\"text-align: center;\">$24.99<\/p>\n\n\t\t\t\t\t\t<\/div><!--ult_price_features--><div class=\"ult_clr\"><\/div>\n\t\t\t<\/div><!--pricing_table-->\n\t\t<\/div><!--pricing_table_wrap--><\/div><\/div><\/div><div class=\"wpb_column vc_column_container vc_col-sm-5 vc_col-md-offset-0 vc_col-md-2 vc_col-sm-offset-1 vc_col-xs-offset-1 vc_col-xs-5 mpc-column\" data-column-id=\"mpc_column-1169da14d0de59e\"><div class=\"vc_column-inner\"><div class=\"wpb_wrapper\"><div class=\"ult_pricing_table_wrap ult_info_table ult_design_1  ult-cs-custom refundAmounts refundAmountsLine2\">\n\t\t\t\t\t<div class=\"ult_pricing_table info_min_ht\" style=\"background:#ffffff;color:#000000; min-height:190px;\"><div class=\"ult_pricing_heading\" id=\"Info-table-wrap-3361\">\n\t\t\t\t\t\t\t<h5 class=\"ult-responsive\" data-ultimate-target=\"#Info-table-wrap-3361 h5\" data-responsive-json-new=\"{&quot;font-size&quot;:&quot;&quot;,&quot;line-height&quot;:&quot;&quot;}\" style=\"font-weight:bold;\">SF-727<\/h5><span class=\"ult-responsive\" data-ultimate-target=\"#Info-table-wrap-3361 span\" data-responsive-json-new=\"{&quot;font-size&quot;:&quot;&quot;,&quot;line-height&quot;:&quot;&quot;}\" style=\"display:block;font-weight:normal;\">Single Voltage*<\/span><\/div><!--ult_pricing_heading--><div class=\"ult_price_body_block\">\n\t\t\t\t\t\t\t<div class=\"ult_price_body\">\n\t\t\t\t\t\t\t\t<div class=\"ult_price\">\n\t\t\t\t\t\t\t\t\n\t\t\t\t\t\t\t\t<\/div>\n\t\t\t\t\t\t\t<\/div>\n\t\t\t\t\t\t<\/div><!--ult_price_body_block--><div id=\"info_table_features_wrap-2733\" data-ultimate-target=\"#info_table_features_wrap-2733.ult_price_features\" data-responsive-json-new=\"{&quot;font-size&quot;:&quot;&quot;,&quot;line-height&quot;:&quot;&quot;}\" class=\"ult-responsive ult_price_features\" style=\"font-weight:normal;\">\n\t\t\t\t\t\t\t<hr>\n<p style=\"text-align: center;\">$13.44<\/p>\n\n\t\t\t\t\t\t<\/div><!--ult_price_features--><div class=\"ult_clr\"><\/div>\n\t\t\t<\/div><!--pricing_table-->\n\t\t<\/div><!--pricing_table_wrap--><\/div><\/div><\/div><div class=\"wpb_column vc_column_container vc_col-sm-5 vc_col-md-offset-0 vc_col-md-2 vc_col-sm-offset-1 vc_col-xs-offset-1 vc_col-xs-5 mpc-column\" data-column-id=\"mpc_column-369da14d0de7b4\"><div class=\"vc_column-inner\"><div class=\"wpb_wrapper\"><div class=\"ult_pricing_table_wrap ult_info_table ult_design_1  ult-cs-custom refundAmounts refundAmountsLine2\">\n\t\t\t\t\t<div class=\"ult_pricing_table info_min_ht\" style=\"background:#ffffff;color:#000000; min-height:190px;\"><div class=\"ult_pricing_heading\" id=\"Info-table-wrap-5338\">\n\t\t\t\t\t\t\t<h5 class=\"ult-responsive\" data-ultimate-target=\"#Info-table-wrap-5338 h5\" data-responsive-json-new=\"{&quot;font-size&quot;:&quot;&quot;,&quot;line-height&quot;:&quot;&quot;}\" style=\"font-weight:bold;\">Brookstone Steambug<\/h5><span class=\"ult-responsive\" data-ultimate-target=\"#Info-table-wrap-5338 span\" data-responsive-json-new=\"{&quot;font-size&quot;:&quot;&quot;,&quot;line-height&quot;:&quot;&quot;}\" style=\"display:block;font-weight:normal;\">Model 606335<\/span><\/div><!--ult_pricing_heading--><div class=\"ult_price_body_block\">\n\t\t\t\t\t\t\t<div class=\"ult_price_body\">\n\t\t\t\t\t\t\t\t<div class=\"ult_price\">\n\t\t\t\t\t\t\t\t\n\t\t\t\t\t\t\t\t<\/div>\n\t\t\t\t\t\t\t<\/div>\n\t\t\t\t\t\t<\/div><!--ult_price_body_block--><div id=\"info_table_features_wrap-6597\" data-ultimate-target=\"#info_table_features_wrap-6597.ult_price_features\" data-responsive-json-new=\"{&quot;font-size&quot;:&quot;&quot;,&quot;line-height&quot;:&quot;&quot;}\" class=\"ult-responsive ult_price_features\" style=\"font-weight:normal;\">\n\t\t\t\t\t\t\t<hr>\n<p style=\"text-align: center;\">$19.99<\/p>\n\n\t\t\t\t\t\t<\/div><!--ult_price_features--><div class=\"ult_clr\"><\/div>\n\t\t\t<\/div><!--pricing_table-->\n\t\t<\/div><!--pricing_table_wrap--><\/div><\/div><\/div><\/div>\r\n<\/div>[\/vc_column_inner][\/vc_row_inner][vc_row_inner disable_element=\u00a0\u00bbyes\u00a0\u00bb][vc_column_inner width=\u00a0\u00bb5\/6&Prime; css=\u00a0\u00bb.vc_custom_1679937600020{padding-right: 5% !important;padding-left: 5% !important;}\u00a0\u00bb offset=\u00a0\u00bbvc_col-sm-offset-1 vc_col-xs-12&Prime;][vc_column_text][\/vc_column_text][vc_column_text]*Le remboursement pour le mod\u00e8le SF-727 Dual Voltage produit en 2017 est de 19,99 $.<\/p>\n<p>Veuillez commencer l&rsquo;enregistrement de votre produit ci-dessous ou nous contacter directement si vous avez des questions ou des pr\u00e9occupations.<\/p>\n<p>Vous pouvez joindre l&rsquo;\u00e9quipe de rappel de Vornado au 866-827-3362 du lundi au vendredi de 8h00 \u00e0 17h00 CST aux \u00c9tats-Unis et au Canada.[\/vc_column_text][vc_empty_space][\/vc_column_inner][\/vc_row_inner][vc_btn title=\u00a0\u00bbCOMMENCEZ VOTRE INSCRIPTION\u00a0\u00bb style=\u00a0\u00bbflat\u00a0\u00bb size=\u00a0\u00bblg\u00a0\u00bb align=\u00a0\u00bbcenter\u00a0\u00bb css=\u00a0\u00bb\u00a0\u00bb button_block=\u00a0\u00bbtrue\u00a0\u00bb el_class=\u00a0\u00bbhpBeginRegistration\u00a0\u00bb link=\u00a0\u00bburl:https%3A%2F%2Frecalls.steamfast.com%2Ffr%2Frappel-de-cuiseurs-a-vapeur-portatifs-pour-vetements%2Frappel-en-ligne-dun-defroisseur-portatif-pour-vetements|title:Rappel%20d%27un%20cuiseur%20%C3%A0%20vapeur%20pour%20v%C3%AAtements%20-%20Entr%C3%A9e%20en%20ligne|\u00a0\u00bb][\/vc_column][\/vc_row][vc_row][vc_column][vc_empty_space height=\u00a0\u00bb64px\u00a0\u00bb][\/vc_column][\/vc_row][vc_row][vc_column][vc_column_text]<\/p>\n<p>[\/vc_column_text][\/vc_column][\/vc_row][vc_row][vc_column][\/vc_column][\/vc_row]<\/p>\n<\/div>","protected":false},"excerpt":{"rendered":"Fran&ccedil;ais English(Anglais) Rappel de cuiseurs &agrave; vapeur portatifs pour v&ecirc;tements FAQ Press Releases CSPC Health Canada Rappel de s&eacute;curit&eacute; - D&eacute;froisseurs portatifs pour v&ecirc;tements Comme toujours, la s&eacute;curit&eacute; de nos clients est notre priorit&eacute; absolue. En coop&eacute;ration avec la Commission am&eacute;ricaine de s&eacute;curit&eacute; des produits de consommation (\"CPSC\") et Sant&eacute; Canada, Vornado rappelle volontairement les","protected":false},"author":1,"featured_media":0,"parent":0,"menu_order":0,"comment_status":"closed","ping_status":"closed","template":"recall-template-all-brands.php","meta":{"_acf_changed":false,"footnotes":""},"class_list":["post-33569","page","type-page","status-publish","hentry"],"acf":[],"_links":{"self":[{"href":"https:\/\/recalls.steamfast.com\/fr\/wp-json\/wp\/v2\/pages\/33569","targetHints":{"allow":["GET"]}}],"collection":[{"href":"https:\/\/recalls.steamfast.com\/fr\/wp-json\/wp\/v2\/pages"}],"about":[{"href":"https:\/\/recalls.steamfast.com\/fr\/wp-json\/wp\/v2\/types\/page"}],"author":[{"embeddable":true,"href":"https:\/\/recalls.steamfast.com\/fr\/wp-json\/wp\/v2\/users\/1"}],"replies":[{"embeddable":true,"href":"https:\/\/recalls.steamfast.com\/fr\/wp-json\/wp\/v2\/comments?post=33569"}],"version-history":[{"count":14,"href":"https:\/\/recalls.steamfast.com\/fr\/wp-json\/wp\/v2\/pages\/33569\/revisions"}],"predecessor-version":[{"id":35975,"href":"https:\/\/recalls.steamfast.com\/fr\/wp-json\/wp\/v2\/pages\/33569\/revisions\/35975"}],"wp:attachment":[{"href":"https:\/\/recalls.steamfast.com\/fr\/wp-json\/wp\/v2\/media?parent=33569"}],"curies":[{"name":"wp","href":"https:\/\/api.w.org\/{rel}","templated":true}]}}